{"id":63,"date":"2024-11-17T19:20:09","date_gmt":"2024-11-17T18:20:09","guid":{"rendered":"https:\/\/praxis-priester.ch\/zahnarzt\/links\/"},"modified":"2024-12-09T19:50:05","modified_gmt":"2024-12-09T18:50:05","slug":"links","status":"publish","type":"page","link":"https:\/\/praxis-priester.ch\/zahnarzt\/links\/","title":{"rendered":"Links"},"content":{"rendered":"\n    \n    <section class=\"u-clearfix u-palette-5-light-2 u-section-2\" id=\"sec-d3aa\">\n      <div class=\"u-clearfix u-sheet u-valign-top-xs u-sheet-1\">\n        <div class=\"data-layout-selected u-clearfix u-expanded-width u-layout-wrap u-layout-wrap-1\">\n          <div class=\"u-gutter-0 u-layout\">\n            <div class=\"u-layout-row\">\n              <div class=\"u-size-30 u-size-60-md\">\n                <div class=\"u-layout-row\">\n                  <div class=\"u-container-style u-image u-layout-cell u-left-cell u-size-60 u-image-1\" data-image-width=\"1293\" data-image-height=\"1080\" data-animation-name=\"customAnimationIn\" data-animation-duration=\"2000\" data-animation-delay=\"0\" style=\"background-image: url(&quot;https:\/\/praxis-priester.ch\/zahnarzt\/wp-content\/uploads\/2024\/11\/praxis_priester_zanharzt_muri_praxiszimmer-1.jpg&quot;);\">\n                    <div class=\"u-container-layout\"><\/div>\n                  <\/div>\n                <\/div>\n              <\/div>\n              <div class=\"u-size-30 u-size-60-md\">\n                <div class=\"u-layout-col\">\n                  <div class=\"u-size-40\">\n                    <div class=\"u-layout-row\">\n                      <div class=\"u-container-style u-layout-cell u-right-cell u-size-60 u-white u-layout-cell-2\" data-animation-name=\"customAnimationIn\" data-animation-duration=\"2000\" data-animation-delay=\"0\">\n                        <div class=\"u-container-layout u-valign-middle-lg u-valign-middle-xl u-container-layout-2\">\n                          <h1 class=\"u-text u-title u-text-1\"> Zahnarztpraxis<br>\n                            <span style=\"font-size: 1.5625rem;\">SSO \/ ZGA \/ SSE \/ SVK<\/span>\n                          <\/h1>\n                          <p class=\"u-text u-text-2\">\n                            <span style=\"font-weight: 700;\"><\/span>\n                            <span style=\"font-weight: 700;\"> Mitglied-Fachgesellschaften.<\/span>\n                            <br> Als Mitglied f\u00fchrender zahnmedizinischer Fachgesellschaften sind wir stets auf dem neuesten Stand der Wissenschaft und Praxis. Erfahren Sie mehr \u00fcber unsere Partnerorganisationen. \n                          <\/p>\n                        <\/div>\n                      <\/div>\n                    <\/div>\n                  <\/div>\n                  <div class=\"u-size-20\">\n                    <div class=\"u-layout-row\">\n                      <div class=\"u-container-style u-image u-layout-cell u-size-20 u-image-2\" data-image-width=\"2250\" data-image-height=\"1688\" data-animation-name=\"customAnimationIn\" data-animation-duration=\"2000\" data-animation-delay=\"600\" style=\"background-image: url(&quot;https:\/\/praxis-priester.ch\/zahnarzt\/wp-content\/uploads\/2024\/12\/praxis_priester_zanharzt_muri_Empfang.jpg&quot;);\">\n                        <div class=\"u-container-layout\"><\/div>\n                      <\/div>\n                      <div class=\"u-container-style u-image u-layout-cell u-size-20 u-image-3\" data-image-width=\"1140\" data-image-height=\"855\" data-animation-name=\"customAnimationIn\" data-animation-duration=\"2000\" data-animation-delay=\"700\" style=\"background-image: url(&quot;https:\/\/praxis-priester.ch\/zahnarzt\/wp-content\/uploads\/2024\/11\/praxis_priester_zanharzt_muri_wartzimmer.jpg&quot;);\">\n                        <div class=\"u-container-layout\"><\/div>\n                      <\/div>\n                      <div class=\"u-container-style u-hidden-sm u-hidden-xs u-image u-layout-cell u-right-cell u-size-20 u-image-4\" data-image-width=\"640\" data-image-height=\"480\" data-animation-name=\"customAnimationIn\" data-animation-duration=\"2000\" data-animation-delay=\"800\" style=\"background-image: url(&quot;https:\/\/praxis-priester.ch\/zahnarzt\/wp-content\/uploads\/2024\/11\/IMG_7215BHZ2-rotated.jpg&quot;);\">\n                        <div class=\"u-container-layout\"><\/div>\n                      <\/div>\n                    <\/div>\n                  <\/div>\n                <\/div>\n              <\/div>\n            <\/div>\n          <\/div>\n        <\/div>\n      <\/div>\n    <\/section>\n    <section class=\"u-clearfix u-palette-5-light-2 u-section-3\" id=\"sec-99d7\">\n      <div class=\"u-clearfix u-sheet u-valign-middle-xl u-valign-middle-xxl u-sheet-1\">\n        <div class=\"data-layout-selected u-clearfix u-expanded-width u-gutter-30 u-layout-wrap u-layout-wrap-1\">\n          <div class=\"u-layout\">\n            <div class=\"u-layout-row\">\n              <div class=\"u-align-center u-container-align-center u-container-align-center-lg u-container-align-center-xl u-container-align-center-xxl u-container-style u-layout-cell u-left-cell u-size-20 u-size-20-md u-white u-layout-cell-1\" data-animation-name=\"customAnimationIn\" data-animation-duration=\"1500\" data-animation-delay=\"0\" data-href=\"https:\/\/www.sso.ch\/de\" data-target=\"_blank\">\n                <div class=\"u-container-layout u-container-layout-1\">\n                  <span class=\"u-file-icon u-icon u-icon-1\">\n                    <img decoding=\"async\" src=\"https:\/\/praxis-priester.ch\/zahnarzt\/wp-content\/uploads\/2024\/11\/logo_sso.png\" alt=\"\">\n                  <\/span>\n                  <h3 class=\"u-text u-text-1\"> SSO Schweizerische Zahn\u00e4rzte-Gesellschaft<\/h3>\n                  <p class=\"u-text u-text-2\">\n                    <a class=\"u-active-none u-border-none u-btn u-button-link u-button-style u-hover-none u-none u-text-palette-5-dark-3 u-btn-1\" href=\"https:\/\/www.sso.ch\/de\" target=\"_blank\">www.sso.ch<\/a>\n                  <\/p>\n                <\/div>\n              <\/div>\n              <div class=\"u-align-center u-container-align-center u-container-align-center-xxl u-container-style u-layout-cell u-size-20 u-size-20-md u-white u-layout-cell-2\" data-animation-name=\"customAnimationIn\" data-animation-duration=\"1500\" data-animation-delay=\"200\" data-href=\"https:\/\/www.kinderzahn.ch\" data-target=\"_blank\">\n                <div class=\"u-container-layout u-container-layout-2\">\n                  <span class=\"u-file-icon u-icon u-icon-2\">\n                    <img decoding=\"async\" src=\"https:\/\/praxis-priester.ch\/zahnarzt\/wp-content\/uploads\/2024\/11\/logo_svk.asp_.png\" alt=\"\">\n                  <\/span>\n                  <h3 class=\"u-text u-text-3\"> SVK-ASP Schweizerische Vereinigung f\u00fcr Kinderzahnmedizin<\/h3>\n                  <p class=\"u-text u-text-4\">\n                    <a href=\"https:\/\/www.kinderzahn.ch\" target=\"_blank\" rel=\"noopener\" class=\"u-active-none u-border-none u-btn u-button-style u-hover-none u-none u-text-palette-5-dark-3 u-btn-2\">www.kinderzahn.ch<\/a>\n                  <\/p>\n                <\/div>\n              <\/div>\n              <div class=\"animated-once u-align-center u-container-align-center u-container-align-center-xl u-container-align-center-xxl u-container-style u-layout-cell u-right-cell u-size-20 u-size-20-md u-white u-layout-cell-3\" data-animation-name=\"customAnimationIn\" data-animation-duration=\"1500\" data-animation-delay=\"400\" data-href=\"https:\/\/www.endodontology.ch\/de\" data-target=\"_blank\">\n                <div class=\"u-container-layout u-container-layout-3\">\n                  <span class=\"u-file-icon u-icon u-icon-3\">\n                    <img decoding=\"async\" src=\"https:\/\/praxis-priester.ch\/zahnarzt\/wp-content\/uploads\/2024\/11\/logo_sse.png\" alt=\"\">\n                  <\/span>\n                  <h3 class=\"u-text u-text-5\"> SSE Schweizerische Gesellschaft f\u00fcr Endodontologie<\/h3>\n                  <p class=\"u-text u-text-6\">\n                    <a href=\"https:\/\/www.endodontology.ch\/de\" target=\"_blank\" rel=\"noopener\" class=\"u-active-none u-border-none u-btn u-button-style u-hover-none u-none u-text-palette-5-dark-3 u-btn-3\">www.endodontology.ch<\/a>\n                  <\/p>\n                <\/div>\n              <\/div>\n            <\/div>\n          <\/div>\n        <\/div>\n      <\/div>\n    <\/section>\n    <section class=\"u-clearfix u-gradient u-section-4\" id=\"sec-a882\">\n      <div class=\"u-clearfix u-sheet u-sheet-1\">\n        <div class=\"data-layout-selected u-clearfix u-expanded-width u-gutter-20 u-layout-wrap u-layout-wrap-1\">\n          <div class=\"u-gutter-0 u-layout\">\n            <div class=\"u-layout-row\">\n              <div class=\"u-align-left u-container-align-left u-container-align-left-xl u-container-align-left-xxl u-container-style u-layout-cell u-left-cell u-size-30 u-layout-cell-1\" data-animation-name=\"customAnimationIn\" data-animation-duration=\"1500\" data-animation-delay=\"0\">\n                <div class=\"u-border-1 u-border-palette-5-dark-2 u-container-layout u-container-layout-1\">\n                  <h2 class=\"u-text u-text-body-alt-color u-text-1\">Kontaktieren Sie uns<\/h2>\n                  <p class=\"u-text u-text-body-alt-color u-text-2\"> Sie haben Fragen oder m\u00f6chten einen Termin vereinbaren? Ganz einfach: telefonisch unter <span style=\"font-weight: 700;\">\n                      <a href=\"tel:+41566640770\" class=\"u-active-none u-border-none u-btn u-button-link u-button-style u-hover-none u-none u-text-active-grey-5 u-text-grey-5 u-text-hover-grey-15 u-btn-1\">056 664 07 70<\/a>\n                    <\/span>, per E-Mail oder \u00fcber das Formular \u2013 wir melden uns schnellstm\u00f6glich bei Ihnen. \n                  <\/p>\n                  <p class=\"u-text u-text-body-alt-color u-text-3\">E-Mail:&nbsp;<a href=\"mailto:info@praxis-priester.ch\" class=\"u-active-none u-border-none u-btn u-button-link u-button-style u-hover-none u-none u-text-active-grey-5 u-text-grey-5 u-text-hover-grey-15 u-btn-2\">info@praxis-priester.ch<\/a>\n                  <\/p>\n                  <div class=\"u-form u-form-1\">\n                            <script>\n            function onSuccess(event) {\n                if (typeof window.serviceRequest !== 'undefined') {\n                    window.serviceRequest(jQuery(this).find('form'));\n                }\n                var msgContainer = jQuery(event.currentTarget).find('.wpcf7-response-output');\n                msgContainer.removeClass('u-form-send-error').addClass('u-form-send-message u-form-send-success');\n                msgContainer.show();\n                var redirectAddress = jQuery(event.currentTarget).find('[redirect-address]').attr('redirect-address');\n                if (redirectAddress) {\n                    setTimeout(function () {\n                        location.replace(redirectAddress);\n                    }, 2000);\n                }\n            }\n            function onError(event) {\n                var msgContainer = jQuery(event.currentTarget).find('.wpcf7-response-output');\n                msgContainer.removeClass('u-form-send-success').addClass('u-form-send-message u-form-send-error');\n                msgContainer.show();\n            }\n\n            jQuery('body')\n                .on('wpcf7mailsent',   '.u-form .wpcf7', onSuccess)\n                .on('wpcf7invalid',    '.u-form .wpcf7', onError)\n                .on('wpcf7:unaccepted', '.u-form .wpcf7', onError)\n                .on('wpcf7spam',       '.u-form .wpcf7', onError)\n                .on('wpcf7:aborted',    '.u-form .wpcf7', onError)\n                .on('wpcf7mailfailed', '.u-form .wpcf7', onError);\n        <\/script>\n        <style>\n            .u-form .wpcf7-response-output {\n                \/*position: relative !important;*\/\n                margin: 0 !important;\n                bottom: -70px!important;\n            }\n            .u-form .wpcf7 .ajax-loader {\n                margin-left: -24px;\n                margin-right: 0;\n            }\n        <\/style>\n\n<div class=\"wpcf7 no-js\" id=\"wpcf7-f144-o1\" lang=\"de-CH\" dir=\"ltr\" data-wpcf7-id=\"144\">\n<div class=\"screen-reader-response\"><p role=\"status\" aria-live=\"polite\" aria-atomic=\"true\"><\/p> <ul><\/ul><\/div>\n<form action=\"\/zahnarzt\/wp-json\/wp\/v2\/pages\/63#wpcf7-f144-o1\" method=\"post\" class=\"wpcf7-form init u-block-5bd3-37 u-clearfix u-form-spacing-15 u-form-vertical u-inner-form u-form-custom-backend\" aria-label=\"Contact form\" novalidate=\"novalidate\" data-status=\"init\">\n<fieldset class=\"hidden-fields-container\"><input type=\"hidden\" name=\"_wpcf7\" value=\"144\" \/><input type=\"hidden\" name=\"_wpcf7_version\" value=\"6.1.1\" \/><input type=\"hidden\" name=\"_wpcf7_locale\" value=\"de_CH\" \/><input type=\"hidden\" name=\"_wpcf7_unit_tag\" value=\"wpcf7-f144-o1\" \/><input type=\"hidden\" name=\"_wpcf7_container_post\" value=\"0\" \/><input type=\"hidden\" name=\"_wpcf7_posted_data_hash\" value=\"\" \/>\n<\/fieldset>\n\n                      <div class=\"u-form-group wpcf7-form-control-wrap u-form-name\">\n                        <label for=\"name-35e1\" class=\"u-form-control-hidden u-label u-label-1\"><\/label>\n                        <input type=\"text\" placeholder=\"Name und Vorname\" id=\"name-35e1\" name=\"name1\" class=\"u-border-radius-0 u-input wpcf7-form-control u-input-rectangle u-input-1\" required=\"\">\n                      <\/div>\n                      <div class=\"u-form-email u-form-group wpcf7-form-control-wrap\">\n                        <label for=\"email-35e1\" class=\"u-form-control-hidden u-label u-label-2\">Email<\/label>\n                        <input type=\"email\" placeholder=\"E-Mail\" id=\"email-35e1\" name=\"email\" class=\"u-border-radius-0 u-input wpcf7-form-control u-input-rectangle u-input-2\" required=\"\">\n                      <\/div>\n                      <div class=\"u-form-group wpcf7-form-control-wrap u-form-message\">\n                        <label for=\"message-35e1\" class=\"u-form-control-hidden u-label u-label-3\"><\/label>\n                        <textarea placeholder=\"\u200bNachricht\" rows=\"4\" cols=\"50\" id=\"message-35e1\" name=\"message\" class=\"u-border-radius-0 u-input wpcf7-form-control u-input-rectangle u-input-3\" required=\"\"><\/textarea>\n                      <\/div>\n                      <div class=\"u-form-group wpcf7-form-control-wrap u-form-submit wpcf7-form-control\">\n                        <a href=\"#\" class=\"u-border-1 u-border-white u-btn u-btn-submit wpcf7-submit u-button-style u-btn-3\">Abschicken<\/a>\n                        <input type=\"submit\" value=\"submit\" class=\"u-form-control-hidden u-input-rectangle\">\n                      <\/div>\n                      <div class=\"u-form-send-message u-form-send-success\">\"Vielen Dank f\u00fcr Ihre Nachricht!\nWir haben Ihre Anfrage erhalten und melden uns so schnell wie m\u00f6glich bei Ihnen. Bei dringenden Anliegen erreichen Sie uns auch telefonisch unter 056 664 07 70.\"<\/div>\n                      <div class=\"u-form-send-error u-form-send-message\">\"Es tut uns leid, Ihre Nachricht konnte nicht \u00fcbermittelt werden.\nBitte versuchen Sie es erneut oder kontaktieren Sie uns direkt telefonisch unter 056 664 07 70 oder per E-Mail an info@praxis-priester.ch. Vielen Dank f\u00fcr Ihr Verst\u00e4ndnis!\"<\/div>\n                      <input type=\"hidden\" value=\"\" name=\"recaptchaResponse\">\n                    <input type=\"hidden\" name=\"_contact7_backend\" value=\"1\"><div class=\"wpcf7-response-output\" aria-hidden=\"true\"><\/div>\n<\/form>\n<\/div>\n\n                  <\/div>\n                <\/div>\n              <\/div>\n              <div class=\"u-align-left u-container-align-left u-container-style u-layout-cell u-right-cell u-size-30 u-layout-cell-2\">\n                <div class=\"u-container-layout\">\n                  <div class=\"u-align-left u-expanded u-grey-10 u-map u-map-1\" data-animation-name=\"customAnimationIn\" data-animation-duration=\"1500\" data-animation-delay=\"0\">\n                    <div class=\"embed-responsive\">\n                      <iframe class=\"embed-responsive-item\" src=\"https:\/\/maps.google.com\/maps?output=embed&amp;q=Praxis%20Priester%20Kirchenfeldstrasse%206%2C%205630%20Muri&amp;t=k\" data-map=\"JTdCJTIyYWRkcmVzcyUyMiUzQSUyMlByYXhpcyUyMFByaWVzdGVyJTIwS2lyY2hlbmZlbGRzdHJhc3NlJTIwNiUyQyUyMDU2MzAlMjBNdXJpJTIyJTJDJTIyem9vbSUyMiUzQW51bGwlMkMlMjJ0eXBlSWQlMjIlM0ElMjJzYXRlbGxpdGUlMjIlMkMlMjJsYW5nJTIyJTNBbnVsbCUyQyUyMmFwaUtleSUyMiUzQW51bGwlMkMlMjJtYXJrZXJzJTIyJTNBJTVCJTVEJTdE\"><\/iframe>\n                    <\/div>\n                  <\/div>\n                <\/div>\n              <\/div>\n            <\/div>\n          <\/div>\n        <\/div>\n      <\/div>\n    <\/section>\n    \n    \n    \n    \n  \n","protected":false},"excerpt":{"rendered":"<p>Zahnarztpraxis SSO \/ ZGA \/ SSE \/ SVK Mitglied-Fachgesellschaften. Als Mitglied f\u00fchrender zahnmedizinischer Fachgesellschaften sind wir stets auf dem neuesten Stand der Wissenschaft und Praxis. Erfahren Sie mehr \u00fcber unsere Partnerorganisationen. SSO Schweizerische Zahn\u00e4rzte-Gesellschaft www.sso.ch SVK-ASP Schweizerische Vereinigung f\u00fcr Kinderzahnmedizin www.kinderzahn.ch SSE Schweizerische Gesellschaft f\u00fcr Endodontologie www.endodontology.ch Kontaktieren Sie uns Sie haben Fragen oder m\u00f6chten &hellip; <a href=\"https:\/\/praxis-priester.ch\/zahnarzt\/links\/\" class=\"more-link\">Continue reading<span class=\"screen-reader-text\"> &#171;Links&#187;<\/span><\/a><\/p>\n","protected":false},"author":1,"featured_media":0,"parent":0,"menu_order":3,"comment_status":"closed","ping_status":"closed","template":"","meta":{"footnotes":""},"class_list":["post-63","page","type-page","status-publish","hentry"],"yoast_head":"<!-- This site is optimized with the Yoast SEO plugin v25.8 - https:\/\/yoast.com\/wordpress\/plugins\/seo\/ -->\n<title>Links - Praxis Priester - Ihre Zahnarztpraxis in der Region Muri (AG)<\/title>\n<meta name=\"description\" content=\"Mitglied-Fachgesellschaften.Als Mitglied f\u00fchrender zahnmedizinischer Fachgesellschaften sind wir stets auf dem neuesten Stand der Wissenschaft und Praxis. Erfahren Sie mehr \u00fcber unsere Partnerorganisationen.\" \/>\n<meta name=\"robots\" content=\"index, follow, max-snippet:-1, max-image-preview:large, max-video-preview:-1\" \/>\n<link rel=\"canonical\" href=\"https:\/\/praxis-priester.ch\/zahnarzt\/links\/\" \/>\n<meta property=\"og:locale\" content=\"de_DE\" \/>\n<meta property=\"og:type\" content=\"article\" \/>\n<meta property=\"og:title\" content=\"Links - Praxis Priester - Ihre Zahnarztpraxis in der Region Muri (AG)\" \/>\n<meta property=\"og:description\" content=\"Mitglied-Fachgesellschaften.Als Mitglied f\u00fchrender zahnmedizinischer Fachgesellschaften sind wir stets auf dem neuesten Stand der Wissenschaft und Praxis. Erfahren Sie mehr \u00fcber unsere Partnerorganisationen.\" \/>\n<meta property=\"og:url\" content=\"https:\/\/praxis-priester.ch\/zahnarzt\/links\/\" \/>\n<meta property=\"og:site_name\" content=\"Praxis Priester - Ihre Zahnarztpraxis in der Region Muri (AG)\" \/>\n<meta property=\"article:modified_time\" content=\"2024-12-09T18:50:05+00:00\" \/>\n<meta name=\"twitter:card\" content=\"summary_large_image\" \/>\n<meta name=\"twitter:label1\" content=\"Gesch\u00e4tzte Lesezeit\" \/>\n\t<meta name=\"twitter:data1\" content=\"2\u00a0Minuten\" \/>\n<script type=\"application\/ld+json\" class=\"yoast-schema-graph\">{\"@context\":\"https:\/\/schema.org\",\"@graph\":[{\"@type\":\"WebPage\",\"@id\":\"https:\/\/praxis-priester.ch\/zahnarzt\/links\/\",\"url\":\"https:\/\/praxis-priester.ch\/zahnarzt\/links\/\",\"name\":\"Links - Praxis Priester - Ihre Zahnarztpraxis in der Region Muri (AG)\",\"isPartOf\":{\"@id\":\"https:\/\/praxis-priester.ch\/zahnarzt\/#website\"},\"datePublished\":\"2024-11-17T18:20:09+00:00\",\"dateModified\":\"2024-12-09T18:50:05+00:00\",\"description\":\"Mitglied-Fachgesellschaften.Als Mitglied f\u00fchrender zahnmedizinischer Fachgesellschaften sind wir stets auf dem neuesten Stand der Wissenschaft und Praxis. Erfahren Sie mehr \u00fcber unsere Partnerorganisationen.\",\"breadcrumb\":{\"@id\":\"https:\/\/praxis-priester.ch\/zahnarzt\/links\/#breadcrumb\"},\"inLanguage\":\"de-CH\",\"potentialAction\":[{\"@type\":\"ReadAction\",\"target\":[\"https:\/\/praxis-priester.ch\/zahnarzt\/links\/\"]}]},{\"@type\":\"BreadcrumbList\",\"@id\":\"https:\/\/praxis-priester.ch\/zahnarzt\/links\/#breadcrumb\",\"itemListElement\":[{\"@type\":\"ListItem\",\"position\":1,\"name\":\"Startseite\",\"item\":\"https:\/\/praxis-priester.ch\/zahnarzt\/\"},{\"@type\":\"ListItem\",\"position\":2,\"name\":\"Links\"}]},{\"@type\":\"WebSite\",\"@id\":\"https:\/\/praxis-priester.ch\/zahnarzt\/#website\",\"url\":\"https:\/\/praxis-priester.ch\/zahnarzt\/\",\"name\":\"Praxis Priester - Ihre Zahnarztpraxis in der Region Muri (Aargau)\",\"description\":\"\",\"publisher\":{\"@id\":\"https:\/\/praxis-priester.ch\/zahnarzt\/#organization\"},\"potentialAction\":[{\"@type\":\"SearchAction\",\"target\":{\"@type\":\"EntryPoint\",\"urlTemplate\":\"https:\/\/praxis-priester.ch\/zahnarzt\/?s={search_term_string}\"},\"query-input\":{\"@type\":\"PropertyValueSpecification\",\"valueRequired\":true,\"valueName\":\"search_term_string\"}}],\"inLanguage\":\"de-CH\"},{\"@type\":\"Organization\",\"@id\":\"https:\/\/praxis-priester.ch\/zahnarzt\/#organization\",\"name\":\"Zahnarztpraxis SSO \/ ZGA \/ SSE \/ SVK - Dr. med. dent. Sven Priester\",\"url\":\"https:\/\/praxis-priester.ch\/zahnarzt\/\",\"logo\":{\"@type\":\"ImageObject\",\"inLanguage\":\"de-CH\",\"@id\":\"https:\/\/praxis-priester.ch\/zahnarzt\/#\/schema\/logo\/image\/\",\"url\":\"https:\/\/praxis-priester.ch\/zahnarzt\/wp-content\/uploads\/2024\/11\/logo_praxis-priester-zahnarzt-muri-1.png\",\"contentUrl\":\"https:\/\/praxis-priester.ch\/zahnarzt\/wp-content\/uploads\/2024\/11\/logo_praxis-priester-zahnarzt-muri-1.png\",\"width\":280,\"height\":62,\"caption\":\"Zahnarztpraxis SSO \/ ZGA \/ SSE \/ SVK - Dr. med. dent. Sven Priester\"},\"image\":{\"@id\":\"https:\/\/praxis-priester.ch\/zahnarzt\/#\/schema\/logo\/image\/\"}}]}<\/script>\n<!-- \/ Yoast SEO plugin. -->","yoast_head_json":{"title":"Links - Praxis Priester - Ihre Zahnarztpraxis in der Region Muri (AG)","description":"Mitglied-Fachgesellschaften.Als Mitglied f\u00fchrender zahnmedizinischer Fachgesellschaften sind wir stets auf dem neuesten Stand der Wissenschaft und Praxis. Erfahren Sie mehr \u00fcber unsere Partnerorganisationen.","robots":{"index":"index","follow":"follow","max-snippet":"max-snippet:-1","max-image-preview":"max-image-preview:large","max-video-preview":"max-video-preview:-1"},"canonical":"https:\/\/praxis-priester.ch\/zahnarzt\/links\/","og_locale":"de_DE","og_type":"article","og_title":"Links - Praxis Priester - Ihre Zahnarztpraxis in der Region Muri (AG)","og_description":"Mitglied-Fachgesellschaften.Als Mitglied f\u00fchrender zahnmedizinischer Fachgesellschaften sind wir stets auf dem neuesten Stand der Wissenschaft und Praxis. Erfahren Sie mehr \u00fcber unsere Partnerorganisationen.","og_url":"https:\/\/praxis-priester.ch\/zahnarzt\/links\/","og_site_name":"Praxis Priester - Ihre Zahnarztpraxis in der Region Muri (AG)","article_modified_time":"2024-12-09T18:50:05+00:00","twitter_card":"summary_large_image","twitter_misc":{"Gesch\u00e4tzte Lesezeit":"2\u00a0Minuten"},"schema":{"@context":"https:\/\/schema.org","@graph":[{"@type":"WebPage","@id":"https:\/\/praxis-priester.ch\/zahnarzt\/links\/","url":"https:\/\/praxis-priester.ch\/zahnarzt\/links\/","name":"Links - Praxis Priester - Ihre Zahnarztpraxis in der Region Muri (AG)","isPartOf":{"@id":"https:\/\/praxis-priester.ch\/zahnarzt\/#website"},"datePublished":"2024-11-17T18:20:09+00:00","dateModified":"2024-12-09T18:50:05+00:00","description":"Mitglied-Fachgesellschaften.Als Mitglied f\u00fchrender zahnmedizinischer Fachgesellschaften sind wir stets auf dem neuesten Stand der Wissenschaft und Praxis. Erfahren Sie mehr \u00fcber unsere Partnerorganisationen.","breadcrumb":{"@id":"https:\/\/praxis-priester.ch\/zahnarzt\/links\/#breadcrumb"},"inLanguage":"de-CH","potentialAction":[{"@type":"ReadAction","target":["https:\/\/praxis-priester.ch\/zahnarzt\/links\/"]}]},{"@type":"BreadcrumbList","@id":"https:\/\/praxis-priester.ch\/zahnarzt\/links\/#breadcrumb","itemListElement":[{"@type":"ListItem","position":1,"name":"Startseite","item":"https:\/\/praxis-priester.ch\/zahnarzt\/"},{"@type":"ListItem","position":2,"name":"Links"}]},{"@type":"WebSite","@id":"https:\/\/praxis-priester.ch\/zahnarzt\/#website","url":"https:\/\/praxis-priester.ch\/zahnarzt\/","name":"Praxis Priester - Ihre Zahnarztpraxis in der Region Muri (Aargau)","description":"","publisher":{"@id":"https:\/\/praxis-priester.ch\/zahnarzt\/#organization"},"potentialAction":[{"@type":"SearchAction","target":{"@type":"EntryPoint","urlTemplate":"https:\/\/praxis-priester.ch\/zahnarzt\/?s={search_term_string}"},"query-input":{"@type":"PropertyValueSpecification","valueRequired":true,"valueName":"search_term_string"}}],"inLanguage":"de-CH"},{"@type":"Organization","@id":"https:\/\/praxis-priester.ch\/zahnarzt\/#organization","name":"Zahnarztpraxis SSO \/ ZGA \/ SSE \/ SVK - Dr. med. dent. Sven Priester","url":"https:\/\/praxis-priester.ch\/zahnarzt\/","logo":{"@type":"ImageObject","inLanguage":"de-CH","@id":"https:\/\/praxis-priester.ch\/zahnarzt\/#\/schema\/logo\/image\/","url":"https:\/\/praxis-priester.ch\/zahnarzt\/wp-content\/uploads\/2024\/11\/logo_praxis-priester-zahnarzt-muri-1.png","contentUrl":"https:\/\/praxis-priester.ch\/zahnarzt\/wp-content\/uploads\/2024\/11\/logo_praxis-priester-zahnarzt-muri-1.png","width":280,"height":62,"caption":"Zahnarztpraxis SSO \/ ZGA \/ SSE \/ SVK - Dr. med. dent. Sven Priester"},"image":{"@id":"https:\/\/praxis-priester.ch\/zahnarzt\/#\/schema\/logo\/image\/"}}]}},"_links":{"self":[{"href":"https:\/\/praxis-priester.ch\/zahnarzt\/wp-json\/wp\/v2\/pages\/63","targetHints":{"allow":["GET"]}}],"collection":[{"href":"https:\/\/praxis-priester.ch\/zahnarzt\/wp-json\/wp\/v2\/pages"}],"about":[{"href":"https:\/\/praxis-priester.ch\/zahnarzt\/wp-json\/wp\/v2\/types\/page"}],"author":[{"embeddable":true,"href":"https:\/\/praxis-priester.ch\/zahnarzt\/wp-json\/wp\/v2\/users\/1"}],"replies":[{"embeddable":true,"href":"https:\/\/praxis-priester.ch\/zahnarzt\/wp-json\/wp\/v2\/comments?post=63"}],"version-history":[{"count":9,"href":"https:\/\/praxis-priester.ch\/zahnarzt\/wp-json\/wp\/v2\/pages\/63\/revisions"}],"predecessor-version":[{"id":184,"href":"https:\/\/praxis-priester.ch\/zahnarzt\/wp-json\/wp\/v2\/pages\/63\/revisions\/184"}],"wp:attachment":[{"href":"https:\/\/praxis-priester.ch\/zahnarzt\/wp-json\/wp\/v2\/media?parent=63"}],"curies":[{"name":"wp","href":"https:\/\/api.w.org\/{rel}","templated":true}]}}